{"id":51135,"date":"2015-12-16T12:06:24","date_gmt":"2015-12-16T11:06:24","guid":{"rendered":"http:\/\/www.skischule-hofsgrund.de\/?page_id=51135"},"modified":"2019-11-06T12:15:46","modified_gmt":"2019-11-06T11:15:46","slug":"ueber-uns-2","status":"publish","type":"page","link":"https:\/\/www.skischule-hofsgrund.de\/index.php\/ueber-uns-2\/","title":{"rendered":"\u00dcber uns"},"content":{"rendered":"<div      class=\"vc_row wpb_row section vc_row-fluid grid_section\" style=' padding-bottom:50px; text-align:left;'><div class=\" section_inner clearfix\"><div class='section_inner_margin clearfix'><div class=\"wpb_column vc_column_container vc_col-sm-2\"><div class=\"wpb_wrapper\"><\/div><\/div><div class=\"wpb_column vc_column_container vc_col-sm-8\"><div class=\"wpb_wrapper\">    <div class=\"vc_empty_space\"  style=\"height: 60px\" ><span class=\"vc_empty_space_inner\"><div class=\"empty_space_image\"\n                 ><\/div>\n<\/span><\/div>\n\n\n\t<div class=\"wpb_text_column wpb_content_element \">\n\t\t<div class=\"wpb_wrapper\">\n\t\t\t<h1 style=\"text-align: center;\">\u00dcber uns<\/h1>\n\n\t\t<\/div> \n\t<\/div>     <div class=\"vc_empty_space\"  style=\"height: 30px\" ><span class=\"vc_empty_space_inner\"><div class=\"empty_space_image\"\n                 ><\/div>\n<\/span><\/div>\n\n<div class=\"q_separator_with_icon with_icon  center  \" style=\"\"><div class=\"q_icon_holder\" style=\"bottom:-12.5px;\"><div class=\"q_separator_icon_holder\"><div class=\"q_line_before\"  style=\"border-color: #f0a500;border-bottom-width:4px;width:80px;border-style: solid;margin-bottom:-2px;\"><\/div><span class=\"q_icon_shade q_icon_shortcode font_awesome normal  \"  style=\" \"><i class=\"qode_icon_font_awesome fa  \" style=\"font-size: 25px;line-height:27px; \" ><\/i><\/span><div class=\"q_line_after\"  style=\"border-color: #f0a500;border-bottom-width:4px;width:80px;border-style: solid;margin-bottom:-2px;\"><\/div><\/div><\/div><\/div>    <div class=\"vc_empty_space\"  style=\"height: 40px\" ><span class=\"vc_empty_space_inner\"><div class=\"empty_space_image\"\n                 ><\/div>\n<\/span><\/div>\n\n\n\t<div class=\"wpb_text_column wpb_content_element \">\n\t\t<div class=\"wpb_wrapper\">\n\t\t\t<h2>Kurzprofil<\/h2>\n\n\t\t<\/div> \n\t<\/div>     <div class=\"vc_empty_space\"  style=\"height: 40px\" ><span class=\"vc_empty_space_inner\"><div class=\"empty_space_image\"\n                 ><\/div>\n<\/span><\/div>\n\n\n\t<div class=\"wpb_text_column wpb_content_element \">\n\t\t<div class=\"wpb_wrapper\">\n\t\t\t<p><strong>Team<\/strong><\/p>\n<p>Hier am Schauinsland bieten wir auf \u00fcber 1.100 Metern H\u00f6he ideale Bedingungen f\u00fcr besten Lernerfolg. Ob Anf\u00e4nger, Fortgeschrittener oder sportlich orientierter Experte: Unser Team engagiert sich mit Know-how und viel Erfahrung, damit sich jeder Teilnehmer \u2013 seinem individuellen Leistungsniveau entsprechend \u2013 entwickeln kann.<\/p>\n<p>&nbsp;<\/p>\n<p>Unser Team besucht regelm\u00e4\u00dfig die Lehrg\u00e4nge und Fortbildungen des DSLV (<a href=\"http:\/\/www.skilehrerverband.de\" target=\"_blank\">Deutscher Skilehrerverband<\/a>). So k\u00f6nnen wir die Kursteilnehmer aller Alters- und Lernstufen nach den neuesten Erkenntnissen der Trainingsmethodik unterrichten. Wenn die Lernkurve bei unseren Sch\u00fclern schnell nach oben zeigt, dann macht es auch uns Spa\u00df!<\/p>\n\n\t\t<\/div> \n\t<\/div>     <div class=\"vc_empty_space\"  style=\"height: 30px\" ><span class=\"vc_empty_space_inner\"><div class=\"empty_space_image\"\n                 ><\/div>\n<\/span><\/div>\n\n    <div class=\"vc_empty_space\"  style=\"height: 50px\" ><span class=\"vc_empty_space_inner\"><div class=\"empty_space_image\"\n                 ><\/div>\n<\/span><\/div>\n\n\n\t<div class=\"wpb_text_column wpb_content_element \">\n\t\t<div class=\"wpb_wrapper\">\n\t\t\t<p><strong>Geschichte<\/strong><\/p>\n<p>Die Ski- und Snowboardschule Hofsgrund besteht bereits seit den 1970er Jahren. Sie wird seit 2009 von Bernhard Rees geleitet, der Staatlich gepr\u00fcfter Skilehrer des Deutschen Skilehrerverbands (DSLV) ist. Bernhard Rees ist in Hofsgrund aufgewachsen und seit seiner Jugend eng mit der Skischule verbunden. Es geh\u00f6rt zur Tradition der Ski- und Snowboardschule Hofsgrund,\u00a0dass man das abwechslungsreiche Wintersportgebiet direkt\u00a0vor der eigenen Haust\u00fcr\u00a0nutzt.<\/p>\n\n\t\t<\/div> \n\t<\/div>     <div class=\"vc_empty_space\"  style=\"height: 30px\" ><span class=\"vc_empty_space_inner\"><div class=\"empty_space_image\"\n                 ><\/div>\n<\/span><\/div>\n\n    <div class=\"vc_empty_space\"  style=\"height: 50px\" ><span class=\"vc_empty_space_inner\"><div class=\"empty_space_image\"\n                 ><\/div>\n<\/span><\/div>\n\n\n\t<div class=\"wpb_text_column wpb_content_element \">\n\t\t<div class=\"wpb_wrapper\">\n\t\t\t<h4><strong>Lage<\/strong><\/h4>\n<p>Unser Treffpunkt\u00a0und der Skikindergarten befindet sich bei der Skischulh\u00fctte an den Skiliften Haldenk\u00f6pfle. Auch die Bushaltestelle ist gleich nebenan. Leihausr\u00fcstung erhalten Sie z.B. bei \u00a0<a href=\"http:\/\/www.bohny.de\">Sport Bohny<\/a>\u00a0in Freiburg, <a href=\"https:\/\/www.sport-eckmann.de\" target=\"_blank\">Sport Eckmann<\/a>\u00a0in Kirchzarten oder lassen Sie sich beraten unter 0175-3204441.<\/p>\n\n\t\t<\/div> \n\t<\/div>     <div class=\"vc_empty_space\"  style=\"height: 30px\" ><span class=\"vc_empty_space_inner\"><div class=\"empty_space_image\"\n                 ><\/div>\n<\/span><\/div>\n\n    <div class=\"vc_empty_space\"  style=\"height: 80px\" ><span class=\"vc_empty_space_inner\"><div class=\"empty_space_image\"\n                 ><\/div>\n<\/span><\/div>\n\n<\/div><\/div><div class=\"wpb_column vc_column_container vc_col-sm-2\"><div class=\"wpb_wrapper\"><\/div><\/div><\/div><\/div><\/div>\n","protected":false},"excerpt":{"rendered":"\u00dcber uns Kurzprofil Team Hier am Schauinsland bieten wir auf \u00fcber 1.100 Metern H\u00f6he ideale Bedingungen f\u00fcr besten Lernerfolg. Ob Anf\u00e4nger, Fortgeschrittener oder sportlich orientierter Experte: Unser Team engagiert sich mit Know-how und viel Erfahrung, damit sich jeder Teilnehmer \u2013 seinem individuellen Leistungsniveau entsprechend \u2013...","protected":false},"author":1,"featured_media":0,"parent":0,"menu_order":0,"comment_status":"open","ping_status":"open","template":"full_width.php","meta":[],"_links":{"self":[{"href":"https:\/\/www.skischule-hofsgrund.de\/index.php\/wp-json\/wp\/v2\/pages\/51135"}],"collection":[{"href":"https:\/\/www.skischule-hofsgrund.de\/index.php\/wp-json\/wp\/v2\/pages"}],"about":[{"href":"https:\/\/www.skischule-hofsgrund.de\/index.php\/wp-json\/wp\/v2\/types\/page"}],"author":[{"embeddable":true,"href":"https:\/\/www.skischule-hofsgrund.de\/index.php\/wp-json\/wp\/v2\/users\/1"}],"replies":[{"embeddable":true,"href":"https:\/\/www.skischule-hofsgrund.de\/index.php\/wp-json\/wp\/v2\/comments?post=51135"}],"version-history":[{"count":15,"href":"https:\/\/www.skischule-hofsgrund.de\/index.php\/wp-json\/wp\/v2\/pages\/51135\/revisions"}],"predecessor-version":[{"id":51519,"href":"https:\/\/www.skischule-hofsgrund.de\/index.php\/wp-json\/wp\/v2\/pages\/51135\/revisions\/51519"}],"wp:attachment":[{"href":"https:\/\/www.skischule-hofsgrund.de\/index.php\/wp-json\/wp\/v2\/media?parent=51135"}],"curies":[{"name":"wp","href":"https:\/\/api.w.org\/{rel}","templated":true}]}}