{"id":50982,"date":"2015-11-03T14:52:12","date_gmt":"2015-11-03T13:52:12","guid":{"rendered":"http:\/\/www.skischule-hofsgrund.de\/?page_id=50982"},"modified":"2024-12-03T13:02:21","modified_gmt":"2024-12-03T12:02:21","slug":"organisatorisches","status":"publish","type":"page","link":"https:\/\/www.skischule-hofsgrund.de\/index.php\/organisatorisches\/","title":{"rendered":"Organisatorisches"},"content":{"rendered":"<div      class=\"vc_row wpb_row section vc_row-fluid grid_section\" style=' padding-bottom:50px; text-align:left;'><div class=\" section_inner clearfix\"><div class='section_inner_margin clearfix'><div class=\"wpb_column vc_column_container vc_col-sm-2\"><div class=\"wpb_wrapper\"><\/div><\/div><div class=\"wpb_column vc_column_container vc_col-sm-8\"><div class=\"wpb_wrapper\">    <div class=\"vc_empty_space\"  style=\"height: 60px\" ><span class=\"vc_empty_space_inner\"><div class=\"empty_space_image\"\n                 ><\/div>\n<\/span><\/div>\n\n\n\t<div class=\"wpb_text_column wpb_content_element \">\n\t\t<div class=\"wpb_wrapper\">\n\t\t\t<h1 style=\"text-align: center;\">Kurse<\/h1>\n\n\t\t<\/div> \n\t<\/div>     <div class=\"vc_empty_space\"  style=\"height: 30px\" ><span class=\"vc_empty_space_inner\"><div class=\"empty_space_image\"\n                 ><\/div>\n<\/span><\/div>\n\n<div class=\"q_separator_with_icon with_icon  center  \" style=\"\"><div class=\"q_icon_holder\" style=\"bottom:-12.5px;\"><div class=\"q_separator_icon_holder\"><div class=\"q_line_before\"  style=\"border-color: #f0a500;border-bottom-width:4px;width:80px;border-style: solid;margin-bottom:-2px;\"><\/div><span class=\"q_icon_shade q_icon_shortcode font_awesome normal  \"  style=\" \"><i class=\"qode_icon_font_awesome fa  \" style=\"font-size: 25px;line-height:27px; \" ><\/i><\/span><div class=\"q_line_after\"  style=\"border-color: #f0a500;border-bottom-width:4px;width:80px;border-style: solid;margin-bottom:-2px;\"><\/div><\/div><\/div><\/div>    <div class=\"vc_empty_space\"  style=\"height: 40px\" ><span class=\"vc_empty_space_inner\"><div class=\"empty_space_image\"\n                 ><\/div>\n<\/span><\/div>\n\n\n\t<div class=\"wpb_text_column wpb_content_element \">\n\t\t<div class=\"wpb_wrapper\">\n\t\t\t<h2>Organisatorisches<\/h2>\n<h4><strong><\/p>\n\n\t\t<\/div> \n\t<\/div>     <div class=\"vc_empty_space\"  style=\"height: 0px\" ><span class=\"vc_empty_space_inner\"><div class=\"empty_space_image\"\n                 ><\/div>\n<\/span><\/div>\n\n<div class=\"q_separator_with_icon with_icon  center  \" style=\"\"><div class=\"q_icon_holder\" style=\"bottom:-12.5px;\"><div class=\"q_separator_icon_holder\"><div class=\"q_line_before\"  style=\"border-color: #f0a500;border-bottom-width:0px;width:80px;border-style: solid;margin-bottom:0px;\"><\/div><span class=\"q_icon_shade q_icon_shortcode font_awesome normal  \"  style=\" \"><i class=\"qode_icon_font_awesome fa  \" style=\"font-size: 25px;line-height:27px; \" ><\/i><\/span><div class=\"q_line_after\"  style=\"border-color: #f0a500;border-bottom-width:0px;width:80px;border-style: solid;margin-bottom:0px;\"><\/div><\/div><\/div><\/div>    <div class=\"vc_empty_space\"  style=\"height: 0px\" ><span class=\"vc_empty_space_inner\"><div class=\"empty_space_image\"\n                 ><\/div>\n<\/span><\/div>\n\n\n\t<div class=\"wpb_text_column wpb_content_element \">\n\t\t<div class=\"wpb_wrapper\">\n\t\t\t<p><\/strong><\/h4>\n<p><strong>Kurszeiten<\/strong><\/p>\n<ul>\n<li>3-Stundenkurse Ski finden von 09.30\u2009\u2013\u200912.30 Uhr f\u00fcr Kinder ab 6 Jahren sowie Jugendliche und Erwachsene statt<\/li>\n<li>Alle Skikurse f\u00fcr Kleinkinder (4\u2009\u2013\u20095 Jahre) sind 2-Stundenkurse von 10.00\u2009\u2013\u200912.00 Uhr<\/li>\n<li>Snowboardkurse f\u00fcr Kinder ab 8 Jahren, Jugendliche und Erwachsene sind 2-Stundenkurse von 12.45\u2009\u2013\u200914.45 Uhr<\/li>\n<li>W\u00e4hrend der Kurszeit kurze Verschnaufpause (Rucksackverpflegung)<\/li>\n<li>Gebuchte Kurse, die abgesagt werden, m\u00fcssen mit neuem Termin gebucht werden.<\/li>\n<\/ul>\n<h4><strong>Anreise und Lifte<\/strong><\/h4>\n<ul>\n<li>Anreise mit den \u00f6ffentlichen Verkehrsmitteln der SBG (Linie 7215), Haltestelle\u00a0direkt am Parkplatz der Skilifte Haldenk\u00f6pfle<\/li>\n<li>Kostenfreies Parken\u00a0bei den Skiliften am Haldenk\u00f6pfle<\/li>\n<li>Treffpunkt an der Skischulh\u00fctte neben der \u201eHaldenk\u00f6pfle-H\u00fctte\u201c<\/li>\n<li>Bei wetterbedingtem Skigebietswechsel an den jeweiligen Liften, bitte beachten Sie auch aktuelle Infos auf der Homepage<\/li>\n<\/ul>\n<h4><strong>Zahlungsbedingungen<\/strong><\/h4>\n<ul>\n<li>Die Kursgeb\u00fchren k\u00f6nnen per \u00dcberweisung oder vor Ort gezahlt werden \u2013 mit EC-Karte oder Bar<\/li>\n<li>Eine Buchungsbest\u00e4tigung erfolgt per E-Mail nach Zahlungseingang.<\/li>\n<li>Es gelten die Allgemeinen Gesch\u00e4ftsbedingungen (<a href=\"https:\/\/www.skischule-hofsgrund.de\/index.php\/agb\/\">AGB<\/a>) der Ski- und Snowboardschule Hofsgrund.<\/li>\n<\/ul>\n\n\t\t<\/div> \n\t<\/div>     <div class=\"vc_empty_space\"  style=\"height: 80px\" ><span class=\"vc_empty_space_inner\"><div class=\"empty_space_image\"\n                 ><\/div>\n<\/span><\/div>\n\n<\/div><\/div><div class=\"wpb_column vc_column_container vc_col-sm-2\"><div class=\"wpb_wrapper\"><\/div><\/div><\/div><\/div><\/div>\n","protected":false},"excerpt":{"rendered":"Kurse Organisatorisches Kurszeiten 3-Stundenkurse Ski finden von 09.30\u2009\u2013\u200912.30 Uhr f\u00fcr Kinder ab 6 Jahren sowie Jugendliche und Erwachsene statt Alle Skikurse f\u00fcr Kleinkinder (4\u2009\u2013\u20095 Jahre) sind 2-Stundenkurse von 10.00\u2009\u2013\u200912.00 Uhr Snowboardkurse f\u00fcr Kinder ab 8 Jahren, Jugendliche und Erwachsene sind 2-Stundenkurse von 12.45\u2009\u2013\u200914.45 Uhr W\u00e4hrend...","protected":false},"author":1,"featured_media":0,"parent":0,"menu_order":0,"comment_status":"open","ping_status":"open","template":"full_width.php","meta":[],"_links":{"self":[{"href":"https:\/\/www.skischule-hofsgrund.de\/index.php\/wp-json\/wp\/v2\/pages\/50982"}],"collection":[{"href":"https:\/\/www.skischule-hofsgrund.de\/index.php\/wp-json\/wp\/v2\/pages"}],"about":[{"href":"https:\/\/www.skischule-hofsgrund.de\/index.php\/wp-json\/wp\/v2\/types\/page"}],"author":[{"embeddable":true,"href":"https:\/\/www.skischule-hofsgrund.de\/index.php\/wp-json\/wp\/v2\/users\/1"}],"replies":[{"embeddable":true,"href":"https:\/\/www.skischule-hofsgrund.de\/index.php\/wp-json\/wp\/v2\/comments?post=50982"}],"version-history":[{"count":40,"href":"https:\/\/www.skischule-hofsgrund.de\/index.php\/wp-json\/wp\/v2\/pages\/50982\/revisions"}],"predecessor-version":[{"id":51956,"href":"https:\/\/www.skischule-hofsgrund.de\/index.php\/wp-json\/wp\/v2\/pages\/50982\/revisions\/51956"}],"wp:attachment":[{"href":"https:\/\/www.skischule-hofsgrund.de\/index.php\/wp-json\/wp\/v2\/media?parent=50982"}],"curies":[{"name":"wp","href":"https:\/\/api.w.org\/{rel}","templated":true}]}}