{"id":50963,"date":"2015-11-03T14:52:59","date_gmt":"2015-11-03T13:52:59","guid":{"rendered":"http:\/\/www.skischule-hofsgrund.de\/?page_id=50963"},"modified":"2025-11-12T13:43:15","modified_gmt":"2025-11-12T12:43:15","slug":"kurse","status":"publish","type":"page","link":"https:\/\/www.skischule-hofsgrund.de\/index.php\/kurse\/","title":{"rendered":"Kurse"},"content":{"rendered":"<div      class=\"vc_row wpb_row section vc_row-fluid grid_section\" style=' padding-bottom:50px; text-align:left;'><div class=\" section_inner clearfix\"><div class='section_inner_margin clearfix'><div class=\"wpb_column vc_column_container vc_col-sm-2\"><div class=\"wpb_wrapper\"><\/div><\/div><div class=\"wpb_column vc_column_container vc_col-sm-8\"><div class=\"wpb_wrapper\">    <div class=\"vc_empty_space\"  style=\"height: 60px\" ><span class=\"vc_empty_space_inner\"><div class=\"empty_space_image\"\n                 ><\/div>\n<\/span><\/div>\n\n\n\t<div class=\"wpb_text_column wpb_content_element \">\n\t\t<div class=\"wpb_wrapper\">\n\t\t\t<h1 style=\"text-align: center;\">Kurse<\/h1>\n\n\t\t<\/div> \n\t<\/div>     <div class=\"vc_empty_space\"  style=\"height: 30px\" ><span class=\"vc_empty_space_inner\"><div class=\"empty_space_image\"\n                 ><\/div>\n<\/span><\/div>\n\n<div class=\"q_separator_with_icon with_icon  center  \" style=\"\"><div class=\"q_icon_holder\" style=\"bottom:-12.5px;\"><div class=\"q_separator_icon_holder\"><div class=\"q_line_before\"  style=\"border-color: #f0a500;border-bottom-width:4px;width:80px;border-style: solid;margin-bottom:-2px;\"><\/div><span class=\"q_icon_shade q_icon_shortcode font_awesome normal  \"  style=\" \"><i class=\"qode_icon_font_awesome fa  \" style=\"font-size: 25px;line-height:27px; \" ><\/i><\/span><div class=\"q_line_after\"  style=\"border-color: #f0a500;border-bottom-width:4px;width:80px;border-style: solid;margin-bottom:-2px;\"><\/div><\/div><\/div><\/div>    <div class=\"vc_empty_space\"  style=\"height: 40px\" ><span class=\"vc_empty_space_inner\"><div class=\"empty_space_image\"\n                 ><\/div>\n<\/span><\/div>\n\n\n\t<div class=\"wpb_text_column wpb_content_element \">\n\t\t<div class=\"wpb_wrapper\">\n\t\t\t<h2>Kursangebot<\/h2>\n\n\t\t<\/div> \n\t<\/div>     <div class=\"vc_empty_space\"  style=\"height: 40px\" ><span class=\"vc_empty_space_inner\"><div class=\"empty_space_image\"\n                 ><\/div>\n<\/span><\/div>\n\n\n\t<div class=\"wpb_text_column wpb_content_element \">\n\t\t<div class=\"wpb_wrapper\">\n\t\t\t<p>Unsere Ski- und Snowboardkurse f\u00fchren wir gr\u00f6\u00dftenteils an den Skiliften am Haldenk\u00f6pfle durch. Der Skikindergarten befindet sich neben der Skischulh\u00fctte. Anf\u00e4ngerkurse finden in flacherem Gel\u00e4nde statt. Nach dem Erlernen und sicheren Beherrschen der Technik, f\u00fchren wir die Sch\u00fcler sukzessive an die Pisten an den gro\u00dfen Liften heran, wo auch die Kurse f\u00fcr die fortgeschrittenen Ski- und Snowboardsch\u00fcler stattfinden.<\/p>\n\n\t\t<\/div> \n\t<\/div>     <div class=\"vc_empty_space\"  style=\"height: 40px\" ><span class=\"vc_empty_space_inner\"><div class=\"empty_space_image\"\n                 ><\/div>\n<\/span><\/div>\n\n\n\t<div class=\"wpb_text_column wpb_content_element \">\n\t\t<div class=\"wpb_wrapper\">\n\t\t\t<p><b>Ski alpin<\/b><\/p>\n<p><strong><br \/>\nSkikurse, 3-st\u00fcndig (9.30\u2009\u2013\u200912.30 Uhr):<br \/>\nKinder ab 6 Jahren, Jugendliche und Erwachsene<br \/>\n<\/strong><b><\/b><\/p>\n<ul>\n<li>Kurseinteilung nach Alter und Fahrk\u00f6nnen<\/li>\n<li>Einteilung: Anf\u00e4nger \u2013 fortgeschrittene Anf\u00e4nger (Sch\u00fcler ist schon F\u00f6rderband oder Lift gefahren) \u2013 Fortgeschrittene (Sch\u00fcler ist schon an verschiedenen Liften gefahren)<\/li>\n<li>Kurze Verschnaufpausen w\u00e4hrend der Kurszeit (Rucksackverpflegung)<\/li>\n<li>Mittagsbetreuung: Bitte sprechen Sie uns bei Bedarf direkt an.<\/li>\n<\/ul>\n<p><strong><br \/>\nKleinkinderskikurse, 2-st\u00fcndig (10.00\u2009\u2013\u200912.00 Uhr): Kleinkinder 4\u2009\u2013\u20095 Jahre <\/strong><\/p>\n<ul>\n<li>Erste Schritte und \u00dcbungen im Schnee<\/li>\n<li>Fahren am Lift, abh\u00e4ngig vom Lernfortschritt<\/li>\n<\/ul>\n<div class=\"separator  transparent center  \" style=\"margin-top:50pxpx;margin-bottom:50pxpx;border-style: dashed\"><\/div>\n\n\n\t\t<\/div> \n\t<\/div>     <div class=\"vc_empty_space\"  style=\"height: 30px\" ><span class=\"vc_empty_space_inner\"><div class=\"empty_space_image\"\n                 ><\/div>\n<\/span><\/div>\n\n\n\t<div class=\"wpb_single_image wpb_content_element vc_align_left\">\n\t\t<div class=\"wpb_wrapper\">\n\t\t\t\n\t\t\t<div class=\"vc_single_image-wrapper   vc_box_border_grey\"><img width=\"1024\" height=\"738\" src=\"https:\/\/www.skischule-hofsgrund.de\/wp-content\/uploads\/2025\/11\/skialpin_2025_26-1024x738.jpg\" class=\"vc_single_image-img attachment-large\" alt=\"\" loading=\"lazy\" srcset=\"https:\/\/www.skischule-hofsgrund.de\/wp-content\/uploads\/2025\/11\/skialpin_2025_26-1024x738.jpg 1024w, https:\/\/www.skischule-hofsgrund.de\/wp-content\/uploads\/2025\/11\/skialpin_2025_26-300x216.jpg 300w, https:\/\/www.skischule-hofsgrund.de\/wp-content\/uploads\/2025\/11\/skialpin_2025_26-768x554.jpg 768w, https:\/\/www.skischule-hofsgrund.de\/wp-content\/uploads\/2025\/11\/skialpin_2025_26-700x505.jpg 700w, https:\/\/www.skischule-hofsgrund.de\/wp-content\/uploads\/2025\/11\/skialpin_2025_26.jpg 1400w\" sizes=\"(max-width: 1024px) 100vw, 1024px\" \/><\/div>\n\t\t<\/div>\n\t<\/div>\n    <div class=\"vc_empty_space\"  style=\"height: 30px\" ><span class=\"vc_empty_space_inner\"><div class=\"empty_space_image\"\n                 ><\/div>\n<\/span><\/div>\n\n\n\t<div class=\"wpb_text_column wpb_content_element \">\n\t\t<div class=\"wpb_wrapper\">\n\t\t\t<div class=\"separator  transparent center  \" style=\"margin-top:50pxpx;margin-bottom:50pxpx;border-style: dashed\"><\/div>\n\n<p><b>Snowboard<\/b><\/p>\n<div class=\"separator  transparent center  \" style=\"margin-top:50pxpx;margin-bottom:50pxpx;border-style: dashed\"><\/div>\n\n<p><strong>Snowboardkurse, 2-st\u00fcndig (12.45\u2009\u2014\u200914.45 Uhr):<br \/>\nKinder ab 8 Jahren, Jugendliche und Erwachsene<\/strong><\/p>\n<ul>\n<li>Kurseinteilung nach Alter und Fahrk\u00f6nnen<\/li>\n<li>Einteilung: Anf\u00e4nger \u2013 fortgeschrittene Anf\u00e4nger mit Lifterfahrung \u2013 Fortgeschrittene<\/li>\n<\/ul>\n<div class=\"separator  transparent center  \" style=\"margin-top:50pxpx;margin-bottom:50pxpx;border-style: dashed\"><\/div>\n\n\n\t\t<\/div> \n\t<\/div>     <div class=\"vc_empty_space\"  style=\"height: 30px\" ><span class=\"vc_empty_space_inner\"><div class=\"empty_space_image\"\n                 ><\/div>\n<\/span><\/div>\n\n\n\t<div class=\"wpb_single_image wpb_content_element vc_align_left\">\n\t\t<div class=\"wpb_wrapper\">\n\t\t\t\n\t\t\t<div class=\"vc_single_image-wrapper   vc_box_border_grey\"><img width=\"1024\" height=\"470\" src=\"https:\/\/www.skischule-hofsgrund.de\/wp-content\/uploads\/2025\/11\/snowboard_2025_26-1024x470.jpg\" class=\"vc_single_image-img attachment-large\" alt=\"\" loading=\"lazy\" srcset=\"https:\/\/www.skischule-hofsgrund.de\/wp-content\/uploads\/2025\/11\/snowboard_2025_26-1024x470.jpg 1024w, https:\/\/www.skischule-hofsgrund.de\/wp-content\/uploads\/2025\/11\/snowboard_2025_26-300x138.jpg 300w, https:\/\/www.skischule-hofsgrund.de\/wp-content\/uploads\/2025\/11\/snowboard_2025_26-768x352.jpg 768w, https:\/\/www.skischule-hofsgrund.de\/wp-content\/uploads\/2025\/11\/snowboard_2025_26-700x321.jpg 700w, https:\/\/www.skischule-hofsgrund.de\/wp-content\/uploads\/2025\/11\/snowboard_2025_26.jpg 1400w\" sizes=\"(max-width: 1024px) 100vw, 1024px\" \/><\/div>\n\t\t<\/div>\n\t<\/div>\n    <div class=\"vc_empty_space\"  style=\"height: 30px\" ><span class=\"vc_empty_space_inner\"><div class=\"empty_space_image\"\n                 ><\/div>\n<\/span><\/div>\n\n\n\t<div class=\"wpb_text_column wpb_content_element \">\n\t\t<div class=\"wpb_wrapper\">\n\t\t\t<div class=\"separator  transparent center  \" style=\"margin-top:50pxpx;margin-bottom:50pxpx;border-style: dashed\"><\/div>\n\n<p><strong>Langlauf<\/strong><\/p>\n<p style=\"font-weight: 400;\"><div class=\"separator  transparent center  \" style=\"margin-top:50pxpx;margin-bottom:50pxpx;border-style: dashed\"><\/div>\n<p style=\"font-weight: 400;\"><strong>Langlauf klassisch und Skating, 2-st\u00fcndig (13.00 \u2013 15.00 Uhr)<\/strong><\/p>\n<ul style=\"font-weight: 400;\">\n<li>Privatstunden nach Vereinbarung<\/li>\n<li>Weitere Termine nach Schneelage und Loipenzustand m\u00f6glich<\/li>\n<li>Hierzu auch aktuelle Infos auf unserer Startseite beachten<\/li>\n<\/ul>\n<div class=\"separator  transparent center  \" style=\"margin-top:50pxpx;margin-bottom:50pxpx;border-style: dashed\"><\/div>\n\n\n\t\t<\/div> \n\t<\/div>     <div class=\"vc_empty_space\"  style=\"height: 30px\" ><span class=\"vc_empty_space_inner\"><div class=\"empty_space_image\"\n                 ><\/div>\n<\/span><\/div>\n\n\n\t<div class=\"wpb_single_image wpb_content_element vc_align_left\">\n\t\t<div class=\"wpb_wrapper\">\n\t\t\t\n\t\t\t<div class=\"vc_single_image-wrapper   vc_box_border_grey\"><img width=\"1024\" height=\"479\" src=\"https:\/\/www.skischule-hofsgrund.de\/wp-content\/uploads\/2025\/11\/langlauf_2025_26-1024x479.jpg\" class=\"vc_single_image-img attachment-large\" alt=\"\" loading=\"lazy\" srcset=\"https:\/\/www.skischule-hofsgrund.de\/wp-content\/uploads\/2025\/11\/langlauf_2025_26-1024x479.jpg 1024w, https:\/\/www.skischule-hofsgrund.de\/wp-content\/uploads\/2025\/11\/langlauf_2025_26-300x140.jpg 300w, https:\/\/www.skischule-hofsgrund.de\/wp-content\/uploads\/2025\/11\/langlauf_2025_26-768x359.jpg 768w, https:\/\/www.skischule-hofsgrund.de\/wp-content\/uploads\/2025\/11\/langlauf_2025_26-700x328.jpg 700w, https:\/\/www.skischule-hofsgrund.de\/wp-content\/uploads\/2025\/11\/langlauf_2025_26.jpg 1400w\" sizes=\"(max-width: 1024px) 100vw, 1024px\" \/><\/div>\n\t\t<\/div>\n\t<\/div>\n    <div class=\"vc_empty_space\"  style=\"height: 30px\" ><span class=\"vc_empty_space_inner\"><div class=\"empty_space_image\"\n                 ><\/div>\n<\/span><\/div>\n\n\n\t<div class=\"wpb_text_column wpb_content_element \">\n\t\t<div class=\"wpb_wrapper\">\n\t\t\t<div class=\"separator  transparent center  \" style=\"margin-top:50pxpx;margin-bottom:50pxpx;border-style: dashed\"><\/div>\n\n<p><b>Schneeschuhwanderungen (Panoramatouren)<\/b><\/p>\n<p style=\"font-weight: 400;\"><div class=\"separator  transparent center  \" style=\"margin-top:50pxpx;margin-bottom:50pxpx;border-style: dashed\"><\/div>\n<div>\n<p class=\"EinfAbs\"><b>An Wochenenden und wochentags von Mo\u2013Fr (ab 15.15 Uhr)<\/b><\/p>\n<\/div>\n<ul>\n<li>ca. 2- bis. 2,5 h mit anschlie\u00dfender Einkehrm\u00f6glichkeit<\/li>\n<li>An Wochenenden im Schauinslandgebiet<\/li>\n<li>An Wochentagen k\u00f6nnen Schneeschuhwanderungen auch in anderen Gebieten durchgef\u00fchrt werden<\/li>\n<li>Anmeldung als Einzelperson oder Gruppe (z.B. als Firma) m\u00f6glich<\/li>\n<li>Mindestteilnehmerzahl: 5 Personen<\/li>\n<li>Mitteilungen auf unserer Startseite beachten<\/li>\n<\/ul>\n<div class=\"separator  transparent center  \" style=\"margin-top:50pxpx;margin-bottom:50pxpx;border-style: dashed\"><\/div>\n\n\n\t\t<\/div> \n\t<\/div>     <div class=\"vc_empty_space\"  style=\"height: 30px\" ><span class=\"vc_empty_space_inner\"><div class=\"empty_space_image\"\n                 ><\/div>\n<\/span><\/div>\n\n\n\t<div class=\"wpb_single_image wpb_content_element vc_align_left\">\n\t\t<div class=\"wpb_wrapper\">\n\t\t\t\n\t\t\t<div class=\"vc_single_image-wrapper   vc_box_border_grey\"><img width=\"1024\" height=\"271\" src=\"https:\/\/www.skischule-hofsgrund.de\/wp-content\/uploads\/2025\/11\/schneeschuh_2025_26-1024x271.jpg\" class=\"vc_single_image-img attachment-large\" alt=\"\" loading=\"lazy\" srcset=\"https:\/\/www.skischule-hofsgrund.de\/wp-content\/uploads\/2025\/11\/schneeschuh_2025_26-1024x271.jpg 1024w, https:\/\/www.skischule-hofsgrund.de\/wp-content\/uploads\/2025\/11\/schneeschuh_2025_26-300x79.jpg 300w, https:\/\/www.skischule-hofsgrund.de\/wp-content\/uploads\/2025\/11\/schneeschuh_2025_26-768x203.jpg 768w, https:\/\/www.skischule-hofsgrund.de\/wp-content\/uploads\/2025\/11\/schneeschuh_2025_26-700x185.jpg 700w, https:\/\/www.skischule-hofsgrund.de\/wp-content\/uploads\/2025\/11\/schneeschuh_2025_26.jpg 1400w\" sizes=\"(max-width: 1024px) 100vw, 1024px\" \/><\/div>\n\t\t<\/div>\n\t<\/div>\n    <div class=\"vc_empty_space\"  style=\"height: 30px\" ><span class=\"vc_empty_space_inner\"><div class=\"empty_space_image\"\n                 ><\/div>\n<\/span><\/div>\n\n\n\t<div class=\"wpb_text_column wpb_content_element \">\n\t\t<div class=\"wpb_wrapper\">\n\t\t\t<div class=\"separator  transparent center  \" style=\"margin-top:50pxpx;margin-bottom:50pxpx;border-style: dashed\"><\/div>\n\n<p><b>Winterwanderungen<\/b><\/p>\n<ul>\n<li>Bei Schneemangel bieten wir zu g\u00fcnstigen Konditionen Winterwanderungen von ca. 2,0 Stunden Dauer rund um den Schauinsland und das Haldenk\u00f6pfle an<\/li>\n<li>Wenden Sie sich bei Interesse bitte direkt an Bernhard Rees, Telefon 0175 3204441<\/li>\n<\/ul>\n<p>Bitte beachten Sie unsere weiteren Informationen unter <a href=\"https:\/\/www.skischule-hofsgrund.de\/index.php\/organisatorisches\/\">Organisatorisches<\/a> oder finden Sie im Bereich <a href=\"https:\/\/www.skischule-hofsgrund.de\/index.php\/faq\/\">FAQ<\/a> die Antwort auf Ihre Frage.<\/p>\n\n\t\t<\/div> \n\t<\/div>     <div class=\"vc_empty_space\"  style=\"height: 30px\" ><span class=\"vc_empty_space_inner\"><div class=\"empty_space_image\"\n                 ><\/div>\n<\/span><\/div>\n\n\n\t<div class=\"wpb_single_image wpb_content_element vc_align_left\">\n\t\t<div class=\"wpb_wrapper\">\n\t\t\t\n\t\t\t<a href=\"https:\/\/www.skischule-hofsgrund.de\/index.php\/anmeldeformular-2025-2026\/\" target=\"_self\"><div class=\"vc_single_image-wrapper   vc_box_border_grey\"><img width=\"300\" height=\"50\" src=\"https:\/\/www.skischule-hofsgrund.de\/wp-content\/uploads\/2025\/11\/button-300x50px.jpg\" class=\"vc_single_image-img attachment-medium\" alt=\"\" loading=\"lazy\" \/><\/div><\/a>\n\t\t<\/div>\n\t<\/div>\n    <div class=\"vc_empty_space\"  style=\"height: 30px\" ><span class=\"vc_empty_space_inner\"><div class=\"empty_space_image\"\n                 ><\/div>\n<\/span><\/div>\n\n\n\t<div class=\"wpb_text_column wpb_content_element \">\n\t\t<div class=\"wpb_wrapper\">\n\t\t\t    <div class=\"vc_empty_space\"  style=\"height: 10px\" ><span class=\"vc_empty_space_inner\"><div class=\"empty_space_image\"\n                 ><\/div>\n<\/span><\/div>\n\n\n\n\t\t<\/div> \n\t<\/div>     <div class=\"vc_empty_space\"  style=\"height: 50px\" ><span class=\"vc_empty_space_inner\"><div class=\"empty_space_image\"\n                 ><\/div>\n<\/span><\/div>\n\n<\/div><\/div><div class=\"wpb_column vc_column_container vc_col-sm-2\"><div class=\"wpb_wrapper\"><\/div><\/div><\/div><\/div><\/div>\n","protected":false},"excerpt":{"rendered":"Kurse Kursangebot Unsere Ski- und Snowboardkurse f\u00fchren wir gr\u00f6\u00dftenteils an den Skiliften am Haldenk\u00f6pfle durch. Der Skikindergarten befindet sich neben der Skischulh\u00fctte. Anf\u00e4ngerkurse finden in flacherem Gel\u00e4nde statt. Nach dem Erlernen und sicheren Beherrschen der Technik, f\u00fchren wir die Sch\u00fcler sukzessive an die Pisten an...","protected":false},"author":1,"featured_media":0,"parent":0,"menu_order":0,"comment_status":"open","ping_status":"open","template":"full_width.php","meta":[],"_links":{"self":[{"href":"https:\/\/www.skischule-hofsgrund.de\/index.php\/wp-json\/wp\/v2\/pages\/50963"}],"collection":[{"href":"https:\/\/www.skischule-hofsgrund.de\/index.php\/wp-json\/wp\/v2\/pages"}],"about":[{"href":"https:\/\/www.skischule-hofsgrund.de\/index.php\/wp-json\/wp\/v2\/types\/page"}],"author":[{"embeddable":true,"href":"https:\/\/www.skischule-hofsgrund.de\/index.php\/wp-json\/wp\/v2\/users\/1"}],"replies":[{"embeddable":true,"href":"https:\/\/www.skischule-hofsgrund.de\/index.php\/wp-json\/wp\/v2\/comments?post=50963"}],"version-history":[{"count":122,"href":"https:\/\/www.skischule-hofsgrund.de\/index.php\/wp-json\/wp\/v2\/pages\/50963\/revisions"}],"predecessor-version":[{"id":52058,"href":"https:\/\/www.skischule-hofsgrund.de\/index.php\/wp-json\/wp\/v2\/pages\/50963\/revisions\/52058"}],"wp:attachment":[{"href":"https:\/\/www.skischule-hofsgrund.de\/index.php\/wp-json\/wp\/v2\/media?parent=50963"}],"curies":[{"name":"wp","href":"https:\/\/api.w.org\/{rel}","templated":true}]}}