{"id":50735,"date":"2015-10-22T15:40:04","date_gmt":"2015-10-22T13:40:04","guid":{"rendered":"http:\/\/www.skischule-hofsgrund.de\/wp\/?page_id=50735"},"modified":"2024-11-04T11:36:34","modified_gmt":"2024-11-04T10:36:34","slug":"agb","status":"publish","type":"page","link":"https:\/\/www.skischule-hofsgrund.de\/index.php\/agb\/","title":{"rendered":"AGB"},"content":{"rendered":"<div      class=\"vc_row wpb_row section vc_row-fluid grid_section\" style=' text-align:left;'><div class=\" section_inner clearfix\"><div class='section_inner_margin clearfix'><div class=\"wpb_column vc_column_container vc_col-sm-2\"><div class=\"wpb_wrapper\"><\/div><\/div><div class=\"wpb_column vc_column_container vc_col-sm-8 vc_custom_1445507330320\"><div class=\"wpb_wrapper\">    <div class=\"vc_empty_space\"  style=\"height: 60px\" ><span class=\"vc_empty_space_inner\"><div class=\"empty_space_image\"\n                 ><\/div>\n<\/span><\/div>\n\n\n\t<div class=\"wpb_text_column wpb_content_element \">\n\t\t<div class=\"wpb_wrapper\">\n\t\t\t<h1 style=\"text-align: center;\">AGB<\/h1>\n\n\t\t<\/div> \n\t<\/div>     <div class=\"vc_empty_space\"  style=\"height: 30px\" ><span class=\"vc_empty_space_inner\"><div class=\"empty_space_image\"\n                 ><\/div>\n<\/span><\/div>\n\n<div class=\"q_separator_with_icon with_icon  center  \" style=\"\"><div class=\"q_icon_holder\" style=\"bottom:-12.5px;\"><div class=\"q_separator_icon_holder\"><div class=\"q_line_before\"  style=\"border-color: #f0a500;border-bottom-width:4px;width:80px;border-style: solid;margin-bottom:-2px;\"><\/div><span class=\"q_icon_shade q_icon_shortcode font_awesome normal  \"  style=\" \"><i class=\"qode_icon_font_awesome fa  \" style=\"font-size: 25px;line-height:27px; \" ><\/i><\/span><div class=\"q_line_after\"  style=\"border-color: #f0a500;border-bottom-width:4px;width:80px;border-style: solid;margin-bottom:-2px;\"><\/div><\/div><\/div><\/div>    <div class=\"vc_empty_space\"  style=\"height: 40px\" ><span class=\"vc_empty_space_inner\"><div class=\"empty_space_image\"\n                 ><\/div>\n<\/span><\/div>\n\n\n\t<div class=\"wpb_text_column wpb_content_element \">\n\t\t<div class=\"wpb_wrapper\">\n\t\t\t<p><b>Allgemeine Gesch\u00e4ftsbedingungen<\/b><\/p>\n<p><b>Ski- &amp; Snowboardschule Hofsgrund, Inhaber Bernhard Rees<\/b><\/p>\n<p><b>\u00a7 1 Vertragsschluss<\/b><\/p>\n<ol>\n<li>Die Anmeldung zum Kurs erfolgt telefonisch oder schriftlich beim B\u00fcro der Skischule oder online \u00fcber die Homepage.<\/li>\n<\/ol>\n<ol start=\"2\">\n<li>Die Buchung vor Ort wird mit der Unterschrift des Kursbuchenden auf dem Anmeldeformular verbindlich. Die telefonisch oder online vorgenommene Buchung wird verbindlich, sobald diese durch die Ski- &amp; Snowboardschule per E-Mail best\u00e4tigt wird.<\/li>\n<\/ol>\n<ol start=\"3\">\n<li>Mit Zustandekommen des Vertrages ist die Ski- &amp; Snowboardschule verpflichtet die gebuchten Kursleistungen zu erbringen und der Buchende verpflichtet das vereinbarte Entgelt zu entrichten. Ein Anspruch auf Nachholung oder Erstattung durch den Buchenden vers\u00e4umter Kurstage besteht nicht.<\/li>\n<\/ol>\n<ol start=\"4\">\n<li>Das Kursentgelt ist vollst\u00e4ndig vor Kursbeginn\u00a0 zu entrichten.<\/li>\n<\/ol>\n<ol start=\"5\">\n<li>Liftkarten sind in den Leistungen der Ski &amp; Snowboardschule Hofsgrund nicht enthalten. Die Liftkarten m\u00fcssen auf eigene Kosten bei den Skiliften Haldenk\u00f6pfle erworben werden.<\/li>\n<\/ol>\n<p><b>\u00a7 2 Kursdurchf\u00fchrung \/ Kursausfall<\/b><\/p>\n<ol>\n<li>Kurse werden seitens der Ski- &amp; Snowboardschule ab einer Mindestteilnehmer-zahl von 5 Teilnehmern durchgef\u00fchrt. Sollte die Mindestteilnehmerzahl nicht erreicht werden, kann der Kurs abgesagt werden. Bereits einbezahlte Kursgeb\u00fchren werden hierbei in voller H\u00f6he zur\u00fcckerstattet, dar\u00fcber hinaus gehende Anspr\u00fcche bestehen nicht.<\/li>\n<\/ol>\n<ol start=\"2\">\n<li>Wird der Kurs wegen Teilnehmermangels durch die Ski- &amp; Snowboardschule Hofsgrund abgesagt, so werden Sie hier\u00fcber rechtzeitig telefonisch oder via E-Mail informiert. Es ist m\u00f6glich den Kurs kostenlos auf einen anderen Kurstermin umzubuchen. Ein Anspruch auf einen bestimmten Termin besteht hierbei nicht.<\/li>\n<\/ol>\n<ol start=\"3\">\n<li>Kurse k\u00f6nnen wetterbedingt ausfallen. Dies ist der Fall wenn die Schneesituation eine Aus\u00fcbung von Wintersport nicht zul\u00e4sst oder der Liftbetrieb der Skilifte Haldenk\u00f6pfle aus wetterbedingten Gr\u00fcnden eingestellt werden muss. Wir weisen darauf hin, dass wir keinen Einfluss auf die Entscheidung der Liftbetreiber haben. Auch in diesem Fall werden bereits einbezahlte Kursgeb\u00fchren vor Kursbeginn in voller H\u00f6he zur\u00fcckerstattet, nach Beginn des Kurses werden die Geb\u00fchren anteilig je nach bereits erbrachter Kursleistung zur\u00fcckerstattet. Bereits angefangene Kurstage werden hierbei nicht erstattet. Zeitausfall wird im Rahmen der M\u00f6glichkeiten an den stattfindenden Kurstagen nachgeholt. Ist die Ski &amp; Snowboardschule Hofsgrund in der Lage den Ausfall an den stattfindenden Kurstagen nachzuholen, wird kein Entgelt zur\u00fcckerstattet, da die Leistungen vollst\u00e4ndig erbracht wurde.<\/li>\n<li>Jedem Kursteilnehmer obliegt die Pflicht, sich \u00fcber wetterbedingte \u00c4nderungen des Kursplanes zu informieren. Ein Ausfall oder eine Verlegung des Kurses wird auf der Homepage und per E-Mail bekannt gegeben, an der Skischulh\u00fctte angeschlagen und kann \u00fcberdies am Vortag und morgens vor Kursbeginn ab 8.00 Uhr \u00fcber das Skischultelefon: 0175 \/ 320 44 41 abgeh\u00f6rt werden.<\/li>\n<\/ol>\n<p><b>\u00a7 2 Vertragliches R\u00fccktrittsrecht<\/b><\/p>\n<ol>\n<li class=\"p1\"><span class=\"s1\">Der Kunde darf nach Vertragsschluss bis zu 14 Tage vor Kursbeginn ohne Angabe von Gr\u00fcnden zur\u00fccktreten. Bereits bezahltes Entgelt wird in diesem Fall von uns zur\u00fcckerstattet. Der R\u00fccktritt kann der Ski- &amp; Snowboardschule Hofsgrund hierbei schriftlich per Brief oder via E-Mail an die <\/span><a style=\"font-size: revert; font-family: -apple-system, BlinkMacSystemFont, 'Segoe UI', Roboto, Oxygen-Sans, Ubuntu, Cantarell, 'Helvetica Neue', sans-serif;\" href=\"mailto:info@skischule-hofsgrund.de\">info@skischule-hofsgrund.de<\/a><span class=\"s1\"> bekannt gegeben werden.<\/span><\/li>\n<li class=\"p1\"><span class=\"s1\">Bei einem R\u00fccktritt vom Vertrag bis zu 7 Tagen vor Kursbeginn wird eine Geb\u00fchr von EUR 15,00 f\u00e4llig.<\/span><\/li>\n<li class=\"p1\"><span class=\"s1\">F\u00fcr einen R\u00fccktritt nach diesem Zeitpunkt wird eine Geb\u00fchr von EUR 30,00 f\u00fcr Dreistundenkurse sowie von EUR 20,00 f\u00fcr Zweistundenkurse (Kleinkindkurse) vereinbart.<\/span><\/li>\n<li class=\"p1\"><span class=\"s1\">Mit dem Tag des Kursbeginns ist ein R\u00fccktritt vom Vertrag nach den vorig genannten Bestimmungen nicht mehr m\u00f6glich. Die gesetzlichen R\u00fccktrittsbestimmungen gelten unbeschadet dessen fort und werden hiervon nicht ber\u00fchrt.<\/span><\/li>\n<\/ol>\n<p><b>\u00a7 3 Haftung<\/b><\/p>\n<ol>\n<li class=\"p1\"><span class=\"s1\">Die Aus\u00fcbung von Wintersport ist mit Risiken verbunden. Die Teilnahme an Angeboten der Ski- &amp; Snowboardschule Hofsgrund geschieht auf eigene Gefahr. F\u00fcr selbstverschuldete Unf\u00e4lle kann daher keine Haftung \u00fcbernommen werden. Jeder Teilnehmer tr\u00e4gt die mit der Sportaktivit\u00e4t verbundenen Risiken selbst.<\/span><\/li>\n<li class=\"p1\"><span class=\"s1\">Die Haftung f\u00fcr Pflichtverletzungen durch Angestellte der Ski- &amp; Snowboardschule Hofsgrund wird soweit gesetzlich zul\u00e4ssig auf Vorsatz und grobe Fahrl\u00e4ssigkeit beschr\u00e4nkt. Dies gilt nicht f\u00fcr die Haftung f\u00fcr Sch\u00e4den die aus einer Verletzung des Lebens, des K\u00f6rpers oder der Gesundheit resultieren.<\/span><\/li>\n<li class=\"p1\"><span class=\"s1\">F\u00fcr die Nutzung der Skilifte wird keine Haftung \u00fcbernommen. F\u00fcr deren Ordnungsgem\u00e4\u00dfen Betrieb und Wartung ist alleine der Liftbetreiber verantwortlich, auf den ordnungsgem\u00e4\u00dfen Liftbetrieb hat die Ski- &amp; Snowboardschule keinen Einfluss. Dies gilt nicht f\u00fcr Sch\u00e4den die bei Liftnutzung eingetreten sind, ihre Ursache aber in einem Verschulden der Ski- &amp; Snowboardschule Hofsgrund haben.<\/span><\/li>\n<li class=\"p1\"><span class=\"s1\">Die Ausr\u00fcstung der Kursteilnehmer wird durch die Ski- &amp; Snowboardschule nicht \u00fcberpr\u00fcft. Lassen Sie Ihre Ausr\u00fcstung vor Kursbeginn im Sportfachhandel \u00fcberpr\u00fcfen. Die Eltern tragen Sorge daf\u00fcr, dass ihre Kinder altersgerechte Ausr\u00fcstung in technisch einwandfreiem Zustand besitzen.<\/span><\/li>\n<li class=\"p1\"><span class=\"s1\">Wir \u00fcbernehmen keine Haftung f\u00fcr den Verlust oder die Besch\u00e4digung von seitens der Kursteilnehmer in der Skischulh\u00fctte deponiertem Material. Die Lagerung dort geschieht auf eigene Gefahr und wird durch uns nicht \u00fcberwacht. Bei der Lagerungsm\u00f6glichkeit in der Skischulh\u00fctte handelt es sich um eine je nach Kurssituation angebotene Gef\u00e4lligkeit, die von der Kursgeb\u00fchr nicht umfasst ist und auch nicht separat in Rechnung gestellt wird. Ein Anspruch auf Lagerung besteht in keinem Fall.<\/span><\/li>\n<\/ol>\n<p><b>\u00a0\u00a7 4 Datenschutz<\/b><\/p>\n<p class=\"p1\"><span class=\"s1\">Im Rahmen der Anfragen und Buchungen von Kursen m\u00fcssen wir personenbezogene Daten von unseren Kunden erheben. Wir behandeln die Daten unserer Kunden mit gr\u00f6\u00dfter Sorgfalt und im Rahmen der geltenden rechtlichen Bestimmungen. Art und Umfang der Verarbeitung von personenbezogenen Daten sowie Ihre Rechte diesbez\u00fcglich k\u00f6nnen Sie unserer Datenschutzerkl\u00e4rung unter:<\/span><\/p>\n<p><a href=\"https:\/\/www.skischule-hofsgrund.de\/index.php\/datenschutz\/\">https:\/\/www.skischule-hofsgrund.de\/index.php\/datenschutz\/ <\/a><\/p>\n<p>oder ausgelegt in der Skischulh\u00fctte einsehen.<\/p>\n    <div class=\"vc_empty_space\"  style=\"height: 20px\" ><span class=\"vc_empty_space_inner\"><div class=\"empty_space_image\"\n                 ><\/div>\n<\/span><\/div>\n\n\n<p><b>\u00a7 5 Salvatorische Klausel<\/b><\/p>\n<p>Sollten einzelne Klauseln dieser Gesch\u00e4ftsbedingungen unwirksam sein, so ber\u00fchrt dies nicht die Wirksamkeit der restlichen Bestimmungen.<\/p>\n<p>Hofsgrund, November 2024<\/p>\n\n\t\t<\/div> \n\t<\/div> <div   data-q_id=\"#AGBOnlineVertragsabschluss\"    class=\"vc_row wpb_row vc_inner section\" style=' text-align:left;'><div class=\" full_section_inner clearfix\"><div class=\"wpb_column vc_column_container vc_col-sm-12\"><div class=\"wpb_wrapper\"><\/div><\/div><\/div><\/div>    <div class=\"vc_empty_space\"  style=\"height: 80px\" ><span class=\"vc_empty_space_inner\"><div class=\"empty_space_image\"\n                 ><\/div>\n<\/span><\/div>\n\n\n\t<div class=\"wpb_text_column wpb_content_element \">\n\t\t<div class=\"wpb_wrapper\">\n\t\t\t<p><strong>Bedingungen zum Online-Vertragsabschluss<\/strong><\/p>\n<p><b><\/b><b>1. Vertragsschluss<\/b><\/p>\n<p class=\"p1\"><span class=\"s1\">Mit der Absendung dieses Formulars machen Sie der Ski- und Snowboardschule Hofsgrund, Inh. Bernhard Rees, ein Angebot zum Abschluss eines Vertrages \u00fcber die ausgew\u00e4hlte Leistung. Mit Annahme des Angebots unsererseits kommt ein Vertrag zustande der Sie zur Entgegennahme unserer Kursleistungen verpflichtet.<\/span><\/p>\n<p><b>2. Vertragsdurchf\u00fchrung<\/b><\/p>\n<ol>\n<li class=\"p1\"><span class=\"s1\">Kurse k\u00f6nnen seitens der Ski- &amp; Snowboardschule ab einer Mindestteilnehmerzahl von 5 Teilnehmern durchgef\u00fchrt werden. Sollte die Mindestteilnehmerzahl nicht erreicht werden, so kann der Kurs abgesagt werden. Bereits einbezahlte Kursgeb\u00fchren werden hierbei in voller H\u00f6he zur\u00fcckerstattet, dar\u00fcber hinaus gehende Anspr\u00fcche bestehen nicht.<\/span><\/li>\n<li class=\"p1\"><span class=\"s1\">Sollte der Kurs durch die Ski- &amp; Snowboardschule Hofsgrund abgesagt werden m\u00fcssen, werden Sie hier\u00fcber rechtzeitig telefonisch, via E-Mail oder die Home Page informiert. Es ist m\u00f6glich den Kurs kostenlos auf einen anderen Kurstermin umzubuchen. Ein Anspruch auf einen bestimmten Termin besteht hierbei nicht.<\/span><\/li>\n<\/ol>\n<p><b><\/b><b>3. Vertragliches R\u00fccktrittsrecht<\/b><\/p>\n<ol>\n<li>Sie d\u00fcrfen von diesem Vertrag bis zu 14 Tage vor Kursbeginn ohne Angabe von Gr\u00fcnden zur\u00fccktreten. Bereits bezahltes Entgelt wird in diesem Fall von uns zur\u00fcckerstattet. Der R\u00fccktritt kann uns hierbei schriftlich per Brief oder via E-Mail an die<br \/>\n<a href=\"mailto:info@skischule-hofsgrund.de\">info@skischule-hofsgrund.de<\/a> bekannt gegeben werden.<\/li>\n<li><span class=\"s1\">Bei einem R\u00fccktritt vom Vertrag bis zu 7 Tagen vor Kursbeginn wird eine Geb\u00fchr von EUR 15,00 vereinbart.<\/span><\/li>\n<li><span class=\"s1\">F\u00fcr einen R\u00fccktritt nach diesem Zeitpunkt wird eine Geb\u00fchr von EUR 30,00 f\u00fcr Dreistundenkursekurse sowie von EUR 20,00 f\u00fcr Zweistundenkursekurse (Kleinkindkurse) vereinbart.<\/span><\/li>\n<li><span class=\"s1\">Mit dem Tag des Kursbeginns ist ein R\u00fccktritt vom Vertrag nach den vorig genannten Bestimmungen nicht mehr m\u00f6glich. Die gesetzlichen R\u00fccktrittsbestimmungen gelten unbeschadet dessen fort und werden hiervon nicht ber\u00fchrt.<\/span><b><\/b><\/li>\n<\/ol>\n<p><b>4. Widerrufsbelehrung<\/b><\/p>\n<ol>\n<li class=\"p1\"><span class=\"s1\">Sie haben das Recht, binnen vierzehn Tagen ohne Angabe von Gr\u00fcnden diesen Vertrag zu widerrufen.<\/span><\/li>\n<li class=\"p1\"><span class=\"s1\">Die Widerrufsfrist betr\u00e4gt vierzehn Tage ab dem Tag des Vertragsabschlusses.<\/span><\/li>\n<li class=\"p1\"><span class=\"s1\">Um Ihr Widerrufsrecht auszu\u00fcben, m\u00fcssen Sie uns (Ski- und Snowboardschule Hofsgrund, Inhaber Bernhard Rees, Weberstr. 4a, 79232 March, 0175 \/ 3204441, info@skischule-hofsgrund.de) mittels einer eindeutigen Erkl\u00e4rung (z. B. ein mit der Post versandter Brief, Telefax oder E-Mail) \u00fcber Ihren Entschluss, diesen Vertrag zu widerrufen, informieren. Zur Wahrung der Widerrufsfrist reicht es aus, dass Sie die Mitteilung \u00fcber die Aus\u00fcbung des Widerrufsrechts vor Ablauf der Widerrufsfrist absenden.<\/span><\/li>\n<li class=\"p1\"><span class=\"s1\">Wenn Sie diesen Vertrag widerrufen, haben wir Ihnen alle Zahlungen, die wir von Ihnen erhalten haben unverz\u00fcglich und sp\u00e4testens binnen der ausgeschriebenen Kurstermine zur\u00fcckzuzahlen. Zur R\u00fcckerstattung ist die IBAN mitzuteilen mit Namen des Kursteilnehmers und der gew\u00e4hlte Kurstermin.<\/span><\/li>\n<li class=\"p1\"><span class=\"s1\">F\u00fcr diese R\u00fcckzahlung verwenden wir dasselbe Zahlungsmittel, das Sie bei der urspr\u00fcnglichen Transaktion eingesetzt haben, es sei denn, mit Ihnen wurde ausdr\u00fccklich etwas anderes vereinbart; in keinem Fall werden Ihnen wegen dieser R\u00fcckzahlung Entgelte berechnet<\/span><b><\/b><\/li>\n<\/ol>\n<p><b>5. Allgemeine Gesch\u00e4ftsbedingungen<\/b><\/p>\n<ol>\n<li>Im \u00dcbrigen gelten unsere <b>Allgemeinen Gesch\u00e4ftsbedingungen<\/b> die Sie hier: <a href=\"https:\/\/www.skischule-hofsgrund.de\/index.php\/agb\/\">https:\/\/www.skischule-hofsgrund.de\/index.php\/agb\/<\/a> auf unserer Homepage finden\u00a0 oder bei Buchung vor Ort in unserem B\u00fcro dort ausgelegt einsehen k\u00f6nnen.<\/li>\n<li>Im Rahmen der Vertragsanbahnung und Vertragsdurchf\u00fchrung erheben wir personenbezogene Daten, \u00fcber Art und Umfang der Verwendung sowie Ihre Rechte informieren wir in unserer Datenschutzerkl\u00e4rung, die Sie hier: <a style=\"font-family: -apple-system, BlinkMacSystemFont, 'Segoe UI', Roboto, Oxygen-Sans, Ubuntu, Cantarell, 'Helvetica Neue', sans-serif;\" href=\"https:\/\/www.skischule-hofsgrund.de\/index.php\/datenschutz\/\">https:\/\/www.skischule-hofsgrund.de\/index.php\/datenschutz\/ <\/a>auf unserer Homepage finden oder bei Buchung vor Ort in unserer Skischulh\u00fctte jederzeit dort ausgelegt einsehen k\u00f6nnen. Mit Ihrer Unterschrift willigen Sie gem. Art. 6 Abs. 1 lit. A) DSGVO in die Erhebung und Verarbeitung der Daten gem\u00e4\u00df unserer Datenschutzerkl\u00e4rung ein.<\/li>\n<\/ol>\n\n\t\t<\/div> \n\t<\/div>     <div class=\"vc_empty_space\"  style=\"height: 120px\" ><span class=\"vc_empty_space_inner\"><div class=\"empty_space_image\"\n                 ><\/div>\n<\/span><\/div>\n\n<\/div><\/div><div class=\"wpb_column vc_column_container vc_col-sm-2\"><div class=\"wpb_wrapper\"><\/div><\/div><\/div><\/div><\/div>\n","protected":false},"excerpt":{"rendered":"AGB Allgemeine Gesch\u00e4ftsbedingungen Ski- &amp; Snowboardschule Hofsgrund, Inhaber Bernhard Rees \u00a7 1 Vertragsschluss Die Anmeldung zum Kurs erfolgt telefonisch oder schriftlich beim B\u00fcro der Skischule oder online \u00fcber die Homepage. Die Buchung vor Ort wird mit der Unterschrift des Kursbuchenden auf dem Anmeldeformular verbindlich. Die...","protected":false},"author":1,"featured_media":0,"parent":0,"menu_order":0,"comment_status":"closed","ping_status":"open","template":"full_width.php","meta":[],"_links":{"self":[{"href":"https:\/\/www.skischule-hofsgrund.de\/index.php\/wp-json\/wp\/v2\/pages\/50735"}],"collection":[{"href":"https:\/\/www.skischule-hofsgrund.de\/index.php\/wp-json\/wp\/v2\/pages"}],"about":[{"href":"https:\/\/www.skischule-hofsgrund.de\/index.php\/wp-json\/wp\/v2\/types\/page"}],"author":[{"embeddable":true,"href":"https:\/\/www.skischule-hofsgrund.de\/index.php\/wp-json\/wp\/v2\/users\/1"}],"replies":[{"embeddable":true,"href":"https:\/\/www.skischule-hofsgrund.de\/index.php\/wp-json\/wp\/v2\/comments?post=50735"}],"version-history":[{"count":57,"href":"https:\/\/www.skischule-hofsgrund.de\/index.php\/wp-json\/wp\/v2\/pages\/50735\/revisions"}],"predecessor-version":[{"id":51955,"href":"https:\/\/www.skischule-hofsgrund.de\/index.php\/wp-json\/wp\/v2\/pages\/50735\/revisions\/51955"}],"wp:attachment":[{"href":"https:\/\/www.skischule-hofsgrund.de\/index.php\/wp-json\/wp\/v2\/media?parent=50735"}],"curies":[{"name":"wp","href":"https:\/\/api.w.org\/{rel}","templated":true}]}}